{"id":286,"date":"2014-12-04T22:08:37","date_gmt":"2014-12-04T22:08:37","guid":{"rendered":"http:\/\/www.lesmaisons.ca\/?page_id=286"},"modified":"2018-03-14T13:13:48","modified_gmt":"2018-03-14T13:13:48","slug":"les-maisons-real-estate-brokers","status":"publish","type":"page","link":"https:\/\/www.lesmaisons.ca\/en\/les-maisons-real-estate-brokers\/","title":{"rendered":"Les maisons \u2013 Real estate brokers"},"content":{"rendered":"<p>Your real estate brokers in Gatineau, in the Outaouais region<\/p>\n<blockquote>\n<h2>Whether you want to buy or sell a home in the Outaouais region, getting the right support from your real estate brokers is crucial.<\/h2>\n<\/blockquote>\n<p>Made up of real estate brokers Myl\u00e8ne Cloutier, \u00c9rik M\u00e9nard and Manon Berniquez, the Myl\u00e8ne Cloutier team offers a full range of services\u2014from the very first meeting to analyse your needs to the signing of your property\u2019s deed of sale at the notary\u2019s office. Since we know your time is precious, we\u2019re with you at every step of the transaction. Among other services, we can accompany you through the inspection of your future home and provide advice on financing. We\u2019re happy to show you homes in Gatineau, Aylmer, Hull and suburbs, whenever is most convenient, be it days, evenings or weekends. We offer turnkey service!<\/p>\n<p>Military transfers (or postings) to Ottawa or Gatineau<\/p>\n<p>Are you a military family being transferred to Ottawa or Gatineau? \u00a0We understand your relocation needs. Contact us to organize a house hunting trip and quickly find your family\u2019s ideal home in the Gatineau area (5 minutes from Ottawa). We\u2019ll take care of everything for a truly worry-free military or government relocation.<\/p>\n<p>Well-connected real estate brokers<\/p>\n<p>A member of the Keller Williams family, the Myl\u00e8ne Cloutier team has access to an incomparable network of publications\u2014indispensable tools for both promoting the sale of your house and purchasing a new one in Gatineau and throughout the Capital region.<\/p>\n<p>Myl\u00e8ne Cloutier enjoys a vast network of contacts. Since 2004, this certified real estate broker has been a member of the BNI (Les Arist\u00f4ts chapter), a Gatineau-based networking organization in the Hull borough. She has also been a member of the AJPO (Association des Jeunes Professionnels de l&#8217;Outaouais) since November 2012.<\/p>\n<p>A personal touch<\/p>\n<blockquote><p>\u201c<em>We know our clients trust us when they refer us to their children or other family members. We do business with our clients\u2019 networks, even across generations. People phone us to share their satisfaction at finding the home of their dreams, thanks to our help.&#8221;<\/em><\/p>\n<p>\u2013 Myl\u00e8ne Cloutier, certified real estate broker<\/p><\/blockquote>\n<p>The Myl\u00e8ne Cloutier team for: house for sale in Gatineau, purchase a house in Gatineau, military relocation, military transfer, house hunting trip (HHT), moving, relocation advice, Outaouais, Gatineau, Hull, Aylmer, Cantley, Chelsea, Masson-Angers, Buckingham, L&#8217;Ange-Gardien, house, home, condo, land for sale, vacant land, two-family unit, three-family unit, duplex, triplex, house sale, house buying<\/p>\n","protected":false},"excerpt":{"rendered":"<p>Your real estate brokers in Gatineau, in the Outaouais region Whether you want to buy or sell a home in the Outaouais region, getting the right support from your real estate brokers is crucial. Made up of real estate brokers Myl\u00e8ne Cloutier, \u00c9rik M\u00e9nard and Manon Berniquez, the Myl\u00e8ne Cloutier team offers a full range [&hellip;]<\/p>\n","protected":false},"author":3,"featured_media":0,"parent":0,"menu_order":0,"comment_status":"open","ping_status":"closed","template":"site-internet-vf-page.php","meta":{"_acf_changed":false,"footnotes":""},"class_list":["post-286","page","type-page","status-publish","hentry"],"acf":[],"yoast_head":"<!-- This site is optimized with the Yoast SEO plugin v27.4 - https:\/\/yoast.com\/product\/yoast-seo-wordpress\/ -->\n<title>Les maisons \u2013 Real estate brokers &#8211; Courtiers immobiliers \u2013 L\u2019\u00e9quipe Myl\u00e8ne Cloutier \u2013 Gatineau, Outaouais<\/title>\n<meta name=\"description\" content=\"Made up of real estate brokers Myl\u00e8ne Cloutier, Andr\u00e9 Mayer and \u00c9rik M\u00e9nard, the Myl\u00e8ne Cloutier team offers a full range of services.\" \/>\n<meta name=\"robots\" content=\"index, follow, max-snippet:-1, max-image-preview:large, max-video-preview:-1\" \/>\n<link rel=\"canonical\" href=\"https:\/\/www.lesmaisons.ca\/en\/les-maisons-real-estate-brokers\/\" \/>\n<meta property=\"og:locale\" content=\"en_US\" \/>\n<meta property=\"og:type\" content=\"article\" \/>\n<meta property=\"og:title\" content=\"Les maisons \u2013 Real estate brokers &#8211; Courtiers immobiliers \u2013 L\u2019\u00e9quipe Myl\u00e8ne Cloutier \u2013 Gatineau, Outaouais\" \/>\n<meta property=\"og:description\" content=\"Made up of real estate brokers Myl\u00e8ne Cloutier, Andr\u00e9 Mayer and \u00c9rik M\u00e9nard, the Myl\u00e8ne Cloutier team offers a full range of services.\" \/>\n<meta property=\"og:url\" content=\"https:\/\/www.lesmaisons.ca\/en\/les-maisons-real-estate-brokers\/\" \/>\n<meta property=\"og:site_name\" content=\"Courtiers immobiliers \u2013 L\u2019\u00e9quipe Myl\u00e8ne Cloutier \u2013 Gatineau, Outaouais\" \/>\n<meta property=\"article:modified_time\" content=\"2018-03-14T13:13:48+00:00\" \/>\n<meta name=\"twitter:card\" content=\"summary_large_image\" \/>\n<meta name=\"twitter:label1\" content=\"Est. reading time\" \/>\n\t<meta name=\"twitter:data1\" content=\"2 minutes\" \/>\n<script type=\"application\/ld+json\" class=\"yoast-schema-graph\">{\"@context\":\"https:\\\/\\\/schema.org\",\"@graph\":[{\"@type\":\"WebPage\",\"@id\":\"https:\\\/\\\/www.lesmaisons.ca\\\/en\\\/les-maisons-real-estate-brokers\\\/\",\"url\":\"https:\\\/\\\/www.lesmaisons.ca\\\/en\\\/les-maisons-real-estate-brokers\\\/\",\"name\":\"Les maisons \u2013 Real estate brokers &#8211; Courtiers immobiliers \u2013 L\u2019\u00e9quipe Myl\u00e8ne Cloutier \u2013 Gatineau, Outaouais\",\"isPartOf\":{\"@id\":\"https:\\\/\\\/www.lesmaisons.ca\\\/#website\"},\"datePublished\":\"2014-12-04T22:08:37+00:00\",\"dateModified\":\"2018-03-14T13:13:48+00:00\",\"description\":\"Made up of real estate brokers Myl\u00e8ne Cloutier, Andr\u00e9 Mayer and \u00c9rik M\u00e9nard, the Myl\u00e8ne Cloutier team offers a full range of services.\",\"breadcrumb\":{\"@id\":\"https:\\\/\\\/www.lesmaisons.ca\\\/en\\\/les-maisons-real-estate-brokers\\\/#breadcrumb\"},\"inLanguage\":\"en-US\",\"potentialAction\":[{\"@type\":\"ReadAction\",\"target\":[\"https:\\\/\\\/www.lesmaisons.ca\\\/en\\\/les-maisons-real-estate-brokers\\\/\"]}]},{\"@type\":\"BreadcrumbList\",\"@id\":\"https:\\\/\\\/www.lesmaisons.ca\\\/en\\\/les-maisons-real-estate-brokers\\\/#breadcrumb\",\"itemListElement\":[{\"@type\":\"ListItem\",\"position\":1,\"name\":\"Home\",\"item\":\"https:\\\/\\\/www.lesmaisons.ca\\\/en\\\/\"},{\"@type\":\"ListItem\",\"position\":2,\"name\":\"Les maisons \u2013 Real estate brokers\"}]},{\"@type\":\"WebSite\",\"@id\":\"https:\\\/\\\/www.lesmaisons.ca\\\/#website\",\"url\":\"https:\\\/\\\/www.lesmaisons.ca\\\/\",\"name\":\"Courtiers immobiliers \u2013 L\u2019\u00e9quipe Myl\u00e8ne Cloutier \u2013 Gatineau, Outaouais\",\"description\":\"Vos courtiers immobiliers et sp\u00e9cialistes en relogement militaire \u00e0 Gatineau, en Outaouais \u2013 L\u2019\u00e9quipe Myl\u00e8ne Cloutier\",\"potentialAction\":[{\"@type\":\"SearchAction\",\"target\":{\"@type\":\"EntryPoint\",\"urlTemplate\":\"https:\\\/\\\/www.lesmaisons.ca\\\/?s={search_term_string}\"},\"query-input\":{\"@type\":\"PropertyValueSpecification\",\"valueRequired\":true,\"valueName\":\"search_term_string\"}}],\"inLanguage\":\"en-US\"}]}<\/script>\n<!-- \/ Yoast SEO plugin. -->","yoast_head_json":{"title":"Les maisons \u2013 Real estate brokers &#8211; Courtiers immobiliers \u2013 L\u2019\u00e9quipe Myl\u00e8ne Cloutier \u2013 Gatineau, Outaouais","description":"Made up of real estate brokers Myl\u00e8ne Cloutier, Andr\u00e9 Mayer and \u00c9rik M\u00e9nard, the Myl\u00e8ne Cloutier team offers a full range of services.","robots":{"index":"index","follow":"follow","max-snippet":"max-snippet:-1","max-image-preview":"max-image-preview:large","max-video-preview":"max-video-preview:-1"},"canonical":"https:\/\/www.lesmaisons.ca\/en\/les-maisons-real-estate-brokers\/","og_locale":"en_US","og_type":"article","og_title":"Les maisons \u2013 Real estate brokers &#8211; Courtiers immobiliers \u2013 L\u2019\u00e9quipe Myl\u00e8ne Cloutier \u2013 Gatineau, Outaouais","og_description":"Made up of real estate brokers Myl\u00e8ne Cloutier, Andr\u00e9 Mayer and \u00c9rik M\u00e9nard, the Myl\u00e8ne Cloutier team offers a full range of services.","og_url":"https:\/\/www.lesmaisons.ca\/en\/les-maisons-real-estate-brokers\/","og_site_name":"Courtiers immobiliers \u2013 L\u2019\u00e9quipe Myl\u00e8ne Cloutier \u2013 Gatineau, Outaouais","article_modified_time":"2018-03-14T13:13:48+00:00","twitter_card":"summary_large_image","twitter_misc":{"Est. reading time":"2 minutes"},"schema":{"@context":"https:\/\/schema.org","@graph":[{"@type":"WebPage","@id":"https:\/\/www.lesmaisons.ca\/en\/les-maisons-real-estate-brokers\/","url":"https:\/\/www.lesmaisons.ca\/en\/les-maisons-real-estate-brokers\/","name":"Les maisons \u2013 Real estate brokers &#8211; Courtiers immobiliers \u2013 L\u2019\u00e9quipe Myl\u00e8ne Cloutier \u2013 Gatineau, Outaouais","isPartOf":{"@id":"https:\/\/www.lesmaisons.ca\/#website"},"datePublished":"2014-12-04T22:08:37+00:00","dateModified":"2018-03-14T13:13:48+00:00","description":"Made up of real estate brokers Myl\u00e8ne Cloutier, Andr\u00e9 Mayer and \u00c9rik M\u00e9nard, the Myl\u00e8ne Cloutier team offers a full range of services.","breadcrumb":{"@id":"https:\/\/www.lesmaisons.ca\/en\/les-maisons-real-estate-brokers\/#breadcrumb"},"inLanguage":"en-US","potentialAction":[{"@type":"ReadAction","target":["https:\/\/www.lesmaisons.ca\/en\/les-maisons-real-estate-brokers\/"]}]},{"@type":"BreadcrumbList","@id":"https:\/\/www.lesmaisons.ca\/en\/les-maisons-real-estate-brokers\/#breadcrumb","itemListElement":[{"@type":"ListItem","position":1,"name":"Home","item":"https:\/\/www.lesmaisons.ca\/en\/"},{"@type":"ListItem","position":2,"name":"Les maisons \u2013 Real estate brokers"}]},{"@type":"WebSite","@id":"https:\/\/www.lesmaisons.ca\/#website","url":"https:\/\/www.lesmaisons.ca\/","name":"Courtiers immobiliers \u2013 L\u2019\u00e9quipe Myl\u00e8ne Cloutier \u2013 Gatineau, Outaouais","description":"Vos courtiers immobiliers et sp\u00e9cialistes en relogement militaire \u00e0 Gatineau, en Outaouais \u2013 L\u2019\u00e9quipe Myl\u00e8ne Cloutier","potentialAction":[{"@type":"SearchAction","target":{"@type":"EntryPoint","urlTemplate":"https:\/\/www.lesmaisons.ca\/?s={search_term_string}"},"query-input":{"@type":"PropertyValueSpecification","valueRequired":true,"valueName":"search_term_string"}}],"inLanguage":"en-US"}]}},"_links":{"self":[{"href":"https:\/\/www.lesmaisons.ca\/en\/wp-json\/wp\/v2\/pages\/286","targetHints":{"allow":["GET"]}}],"collection":[{"href":"https:\/\/www.lesmaisons.ca\/en\/wp-json\/wp\/v2\/pages"}],"about":[{"href":"https:\/\/www.lesmaisons.ca\/en\/wp-json\/wp\/v2\/types\/page"}],"author":[{"embeddable":true,"href":"https:\/\/www.lesmaisons.ca\/en\/wp-json\/wp\/v2\/users\/3"}],"replies":[{"embeddable":true,"href":"https:\/\/www.lesmaisons.ca\/en\/wp-json\/wp\/v2\/comments?post=286"}],"version-history":[{"count":5,"href":"https:\/\/www.lesmaisons.ca\/en\/wp-json\/wp\/v2\/pages\/286\/revisions"}],"predecessor-version":[{"id":62414,"href":"https:\/\/www.lesmaisons.ca\/en\/wp-json\/wp\/v2\/pages\/286\/revisions\/62414"}],"wp:attachment":[{"href":"https:\/\/www.lesmaisons.ca\/en\/wp-json\/wp\/v2\/media?parent=286"}],"curies":[{"name":"wp","href":"https:\/\/api.w.org\/{rel}","templated":true}]}}